{"id":275,"date":"2023-04-05T02:25:19","date_gmt":"2023-04-05T02:25:19","guid":{"rendered":"https:\/\/technostructures.org\/?page_id=275"},"modified":"2023-09-24T11:40:01","modified_gmt":"2023-09-24T11:40:01","slug":"yunohost","status":"publish","type":"page","link":"https:\/\/technostructures.org\/en\/we-support\/yunohost\/","title":{"rendered":"YunoHost"},"content":{"rendered":"<p><a href=\"https:\/\/yunohost.org\">YunoHost<\/a> est une distribution Linux bas\u00e9e sur Debian dot\u00e9e d&#8217;une interface web et d&#8217;un large catalogue d&#8217;applications permettant de faciliter l&#8217;auto-h\u00e9bergement.<\/p>","protected":false},"excerpt":{"rendered":"<p>YunoHost is a Debian-based Linux distribution with a web interface and a large catalogue of applications to facilitate self-hosting.<\/p>","protected":false},"author":7,"featured_media":0,"parent":271,"menu_order":0,"comment_status":"closed","ping_status":"closed","template":"","meta":{"inline_featured_image":false,"footnotes":""},"class_list":["post-275","page","type-page","status-publish","hentry"],"_links":{"self":[{"href":"https:\/\/technostructures.org\/en\/wp-json\/wp\/v2\/pages\/275","targetHints":{"allow":["GET"]}}],"collection":[{"href":"https:\/\/technostructures.org\/en\/wp-json\/wp\/v2\/pages"}],"about":[{"href":"https:\/\/technostructures.org\/en\/wp-json\/wp\/v2\/types\/page"}],"author":[{"embeddable":true,"href":"https:\/\/technostructures.org\/en\/wp-json\/wp\/v2\/users\/7"}],"replies":[{"embeddable":true,"href":"https:\/\/technostructures.org\/en\/wp-json\/wp\/v2\/comments?post=275"}],"version-history":[{"count":4,"href":"https:\/\/technostructures.org\/en\/wp-json\/wp\/v2\/pages\/275\/revisions"}],"predecessor-version":[{"id":329,"href":"https:\/\/technostructures.org\/en\/wp-json\/wp\/v2\/pages\/275\/revisions\/329"}],"up":[{"embeddable":true,"href":"https:\/\/technostructures.org\/en\/wp-json\/wp\/v2\/pages\/271"}],"wp:attachment":[{"href":"https:\/\/technostructures.org\/en\/wp-json\/wp\/v2\/media?parent=275"}],"curies":[{"name":"wp","href":"https:\/\/api.w.org\/{rel}","templated":true}]}}