{"id":28,"date":"2022-12-05T02:39:27","date_gmt":"2022-12-05T02:39:27","guid":{"rendered":"https:\/\/v2.technostructures.org\/?page_id=28"},"modified":"2023-02-08T15:05:20","modified_gmt":"2023-02-08T15:05:20","slug":"support-us","status":"publish","type":"page","link":"https:\/\/technostructures.org\/en\/support-us\/","title":{"rendered":"Support us"},"content":{"rendered":"<p>You can support us by making a one-time or recurring donation.<\/p>\n\n\n\n<h2 class=\"wp-block-heading\">Helloasso<\/h2>\n\n\n\n<iframe id=\"haWidget\" allowtransparency=\"true\" src=\"https:\/\/www.helloasso.com\/associations\/technostructures\/formulaires\/1\/widget-bouton\" style=\"width: 100%; height: 70px; border: none;\"><\/iframe>\n\n\n\n<h2 class=\"wp-block-heading\">Liberapay<\/h2>\n\n\n\n<script src=\"https:\/\/liberapay.com\/technostructures\/widgets\/button.js\"><\/script>\n<noscript><a href=\"https:\/\/liberapay.com\/technostructures\/donate\"><img decoding=\"async\" alt=\"Donate using Liberapay\" src=\"https:\/\/liberapay.com\/assets\/widgets\/donate.svg\"><\/a><\/noscript>\n\n\n\n<h2 class=\"wp-block-heading\">GitHub Sponsors<\/h2>\n\n\n\n<iframe loading=\"lazy\" src=\"https:\/\/github.com\/sponsors\/pdelacroix\/button\" title=\"Sponsor pdelacroix\" style=\"border: 0; border-radius: 6px;\" width=\"114\" height=\"32\"><\/iframe>","protected":false},"excerpt":{"rendered":"<p>Vous pouvez nous soutenir en faisant un don, ponctuel ou r\u00e9gulier. Apr\u00e8s avoir fait un don, vous pouvez nous demander un re\u00e7u fiscal par e-mail. Helloasso Liberapay GitHub Sponsors<\/p>","protected":false},"author":1,"featured_media":0,"parent":0,"menu_order":5,"comment_status":"closed","ping_status":"closed","template":"","meta":{"inline_featured_image":false,"footnotes":""},"class_list":["post-28","page","type-page","status-publish","hentry"],"_links":{"self":[{"href":"https:\/\/technostructures.org\/en\/wp-json\/wp\/v2\/pages\/28","targetHints":{"allow":["GET"]}}],"collection":[{"href":"https:\/\/technostructures.org\/en\/wp-json\/wp\/v2\/pages"}],"about":[{"href":"https:\/\/technostructures.org\/en\/wp-json\/wp\/v2\/types\/page"}],"author":[{"embeddable":true,"href":"https:\/\/technostructures.org\/en\/wp-json\/wp\/v2\/users\/1"}],"replies":[{"embeddable":true,"href":"https:\/\/technostructures.org\/en\/wp-json\/wp\/v2\/comments?post=28"}],"version-history":[{"count":9,"href":"https:\/\/technostructures.org\/en\/wp-json\/wp\/v2\/pages\/28\/revisions"}],"predecessor-version":[{"id":263,"href":"https:\/\/technostructures.org\/en\/wp-json\/wp\/v2\/pages\/28\/revisions\/263"}],"wp:attachment":[{"href":"https:\/\/technostructures.org\/en\/wp-json\/wp\/v2\/media?parent=28"}],"curies":[{"name":"wp","href":"https:\/\/api.w.org\/{rel}","templated":true}]}}