{"id":280,"date":"2023-04-05T02:31:55","date_gmt":"2023-04-05T02:31:55","guid":{"rendered":"https:\/\/technostructures.org\/?page_id=280"},"modified":"2023-09-24T11:39:32","modified_gmt":"2023-09-24T11:39:32","slug":"libr-events","status":"publish","type":"page","link":"https:\/\/technostructures.org\/en\/we-support\/libr-events\/","title":{"rendered":"Libr.events"},"content":{"rendered":"<p><a href=\"https:\/\/libr.events\/\">Libr.events<\/a> est un projet visant \u00e0 lib\u00e9rer les donn\u00e9es des r\u00e9seaux sociaux ferm\u00e9s pour les reposter dans le Fediverse.<\/p>\n\n\n\n<p><\/p>","protected":false},"excerpt":{"rendered":"<p>Libr.events is a project aimed at freeing data from closed social networks and reposting it in the Fediverse.<\/p>","protected":false},"author":7,"featured_media":0,"parent":271,"menu_order":0,"comment_status":"closed","ping_status":"closed","template":"","meta":{"inline_featured_image":false,"footnotes":""},"class_list":["post-280","page","type-page","status-publish","hentry"],"_links":{"self":[{"href":"https:\/\/technostructures.org\/en\/wp-json\/wp\/v2\/pages\/280","targetHints":{"allow":["GET"]}}],"collection":[{"href":"https:\/\/technostructures.org\/en\/wp-json\/wp\/v2\/pages"}],"about":[{"href":"https:\/\/technostructures.org\/en\/wp-json\/wp\/v2\/types\/page"}],"author":[{"embeddable":true,"href":"https:\/\/technostructures.org\/en\/wp-json\/wp\/v2\/users\/7"}],"replies":[{"embeddable":true,"href":"https:\/\/technostructures.org\/en\/wp-json\/wp\/v2\/comments?post=280"}],"version-history":[{"count":3,"href":"https:\/\/technostructures.org\/en\/wp-json\/wp\/v2\/pages\/280\/revisions"}],"predecessor-version":[{"id":328,"href":"https:\/\/technostructures.org\/en\/wp-json\/wp\/v2\/pages\/280\/revisions\/328"}],"up":[{"embeddable":true,"href":"https:\/\/technostructures.org\/en\/wp-json\/wp\/v2\/pages\/271"}],"wp:attachment":[{"href":"https:\/\/technostructures.org\/en\/wp-json\/wp\/v2\/media?parent=280"}],"curies":[{"name":"wp","href":"https:\/\/api.w.org\/{rel}","templated":true}]}}